{"id":259,"date":"2015-01-28T11:39:49","date_gmt":"2015-01-28T10:39:49","guid":{"rendered":"https:\/\/www.groupe-blachere.com\/?page_id=259"},"modified":"2015-03-05T13:17:38","modified_gmt":"2015-03-05T12:17:38","slug":"real-estate","status":"publish","type":"page","link":"https:\/\/www.groupe-blachere.com\/en\/real-estate\/","title":{"rendered":"Real estate"},"content":{"rendered":"<p>[et_pb_section fullwidth=&#8221;on&#8221; specialty=&#8221;off&#8221; background_image=&#8221;https:\/\/www.groupe-blachere.com\/wp-content\/uploads\/2014\/11\/groupe-blachere-page.jpg&#8221; background_color=&#8221;#ffffff&#8221; inner_shadow=&#8221;on&#8221; parallax=&#8221;on&#8221; parallax_method=&#8221;on&#8221; transparent_background=&#8221;off&#8221; allow_player_pause=&#8221;off&#8221;][et_pb_fullwidth_header admin_label=&#8221;Titre Header&#8221; background_layout=&#8221;light&#8221; text_orientation=&#8221;left&#8221; module_id=&#8221;header2&#8243; title=&#8221;Real Estate&#8221; \/][\/et_pb_section][et_pb_section fullwidth=&#8221;off&#8221; specialty=&#8221;off&#8221; background_color=&#8221;#ffffff&#8221; inner_shadow=&#8221;off&#8221; parallax=&#8221;off&#8221; parallax_method=&#8221;off&#8221; module_class=&#8221;contentBloc&#8221; transparent_background=&#8221;off&#8221; module_id=&#8221;Groupe&#8221;][et_pb_row][et_pb_column type=&#8221;1_3&#8243;][et_pb_text admin_label=&#8221;Texte gauche&#8221; background_layout=&#8221;light&#8221; text_orientation=&#8221;right&#8221;]<\/p>\n<p>We are<br \/>\nlooking for<\/p>\n<p>[\/et_pb_text][\/et_pb_column][et_pb_column type=&#8221;2_3&#8243;][et_pb_text admin_label=&#8221;Contenu droite&#8221; background_layout=&#8221;light&#8221; text_orientation=&#8221;left&#8221;]<\/p>\n<p>As part of our nationwide development policy, we are actively seeking to lease or purchase property located on major town-centre shopping streets, in shopping precincts or in larger out-of-town areas of activity (industry\/services):<\/p>\n<p>COMMERCIAL PREMISES<\/p>\n<ul>\n<li>Floor space: 200 &#8211; 1000 sq. m.<\/li>\n<li>Adjacent parking: 20\/25 spaces minimum<\/li>\n<\/ul>\n<p>SITES<\/p>\n<ul>\n<li>Surface: 1000 &#8211; 3000 sq. m. with commercial planning permission<\/li>\n<\/ul>\n<p>Additional criteria:<\/p>\n<ul>\n<li>Thoroughfare with strong traffic flow<\/li>\n<li>Catchment area population: 15 000 minimum (8 000 for the main urban area)<\/li>\n<li>Direct and easy access<\/li>\n<\/ul>\n<p>One Group, two specialist activities<\/p>\n<p>[\/et_pb_text][\/et_pb_column][\/et_pb_row][\/et_pb_section]<\/p>\n","protected":false},"excerpt":{"rendered":"<p><div class=\"et_pb_row et_pb_row_0 et_pb_row_empty\">\n\t\t\t\t\n\t\t\t\t\n\t\t\t\t\n\t\t\t\t\n\t\t\t\t\n\t\t\t<\/div> We are looking for As part of our nationwide development policy, we are actively seeking to lease or purchase property located on major town-centre shopping streets, in shopping precincts or in larger out-of-town areas of activity (industry\/services): COMMERCIAL PREMISES Floor space: 200 &#8211; 1000 sq. m. Adjacent parking: 20\/25 spaces minimum SITES Surface: 1000 [&hellip;]<\/p>\n","protected":false},"author":7,"featured_media":0,"parent":0,"menu_order":0,"comment_status":"closed","ping_status":"closed","template":"","meta":{"_et_pb_use_builder":"on","_et_pb_old_content":"<p>[et_pb_section fullwidth=\"on\" specialty=\"off\" background_image=\"https:\/\/www.groupe-blachere.com\/wp-content\/uploads\/2014\/11\/image-groupe21.jpg\" background_color=\"#ffffff\" inner_shadow=\"on\" parallax=\"on\" parallax_method=\"on\" transparent_background=\"off\"][et_pb_fullwidth_header admin_label=\"Titre Header\" background_layout=\"light\" text_orientation=\"left\" module_id=\"header2\" title=\"Immobilier\" \/][\/et_pb_section][et_pb_section fullwidth=\"off\" specialty=\"off\" background_color=\"#ffffff\" inner_shadow=\"off\" parallax=\"off\" parallax_method=\"off\" module_class=\"contentBloc\" transparent_background=\"off\" module_id=\"Groupe\"][et_pb_row][et_pb_column type=\"1_3\"][et_pb_text admin_label=\"Texte gauche\" background_layout=\"light\" text_orientation=\"right\"]<\/p><p>Texte<br \/> du bloc<br \/> de gauche<\/p><p>[\/et_pb_text][\/et_pb_column][et_pb_column type=\"2_3\"][et_pb_text admin_label=\"Contenu droite\" background_layout=\"light\" text_orientation=\"left\"]<\/p><p><em>Le Groupe Blach\u00e8re est un groupe fond\u00e9 par Bernard Blach\u00e8re sp\u00e9cialis\u00e9 dans les produits frais.<\/em><br \/> <em> Magasins de proximit\u00e9, l\u2019objectif du Groupe est de redonnerde l\u2019authenticit\u00e9 et de la comp\u00e9tence aux m\u00e9tiers de sp\u00e9cialistes.<\/em><\/p><p><strong>- La distribution au d\u00e9tail de fruits et l\u00e9gumes :<\/strong><\/p><p>\u201cProvenc\u2019Halles\u201d est l\u2019enseigne historique du groupe, elle est issue d\u2019une activit\u00e9 de march\u00e9 de plein air.<br \/> Son concept vise \u00e0 recr\u00e9erles conditions d\u2019achat du march\u00e9 couvert, et \u00e0 retraduire une ambiance tr\u00e8s conviviale sur des points de ventes fixes.<br \/> Afin de garantir des prix comp\u00e9titifs, l\u2019enseigne b\u00e9n\u00e9ficie de sa propre centrale d\u2019achat, garant de fra\u00eecheur et d\u2019un approvisionnement continue toute l\u2019ann\u00e9e gr\u00e2ce \u00e0 un circuit de dstribution plus court.<\/p><p><strong>- La boulangerie traditionnelle :<\/strong><\/p><p>\u201cMarie Blach\u00e8re\u201d est une enseigne de boulangerie traditionnelle avec une pr\u00e9paration sur place tout au long de la journ\u00e9e.<br \/> Le concept cr\u00e9e en 2004, est bas\u00e9 sur la fra\u00eecheur et des offres promotionnelles attractives toute l\u2019ann\u00e9e.<\/p><p>\u00a0<\/p><p>[\/et_pb_text][\/et_pb_column][\/et_pb_row][\/et_pb_section]<\/p>","_et_gb_content_width":"","footnotes":""},"class_list":["post-259","page","type-page","status-publish","hentry"],"_links":{"self":[{"href":"https:\/\/www.groupe-blachere.com\/en\/wp-json\/wp\/v2\/pages\/259","targetHints":{"allow":["GET"]}}],"collection":[{"href":"https:\/\/www.groupe-blachere.com\/en\/wp-json\/wp\/v2\/pages"}],"about":[{"href":"https:\/\/www.groupe-blachere.com\/en\/wp-json\/wp\/v2\/types\/page"}],"author":[{"embeddable":true,"href":"https:\/\/www.groupe-blachere.com\/en\/wp-json\/wp\/v2\/users\/7"}],"replies":[{"embeddable":true,"href":"https:\/\/www.groupe-blachere.com\/en\/wp-json\/wp\/v2\/comments?post=259"}],"version-history":[{"count":3,"href":"https:\/\/www.groupe-blachere.com\/en\/wp-json\/wp\/v2\/pages\/259\/revisions"}],"predecessor-version":[{"id":298,"href":"https:\/\/www.groupe-blachere.com\/en\/wp-json\/wp\/v2\/pages\/259\/revisions\/298"}],"wp:attachment":[{"href":"https:\/\/www.groupe-blachere.com\/en\/wp-json\/wp\/v2\/media?parent=259"}],"curies":[{"name":"wp","href":"https:\/\/api.w.org\/{rel}","templated":true}]}}